{"id":3494,"date":"2026-03-25T19:28:56","date_gmt":"2026-03-25T18:28:56","guid":{"rendered":"https:\/\/www.werkskapelle.de\/?page_id=3494"},"modified":"2026-03-25T19:33:26","modified_gmt":"2026-03-25T18:33:26","slug":"2020-heute","status":"publish","type":"page","link":"https:\/\/www.werkskapelle.de\/index.php\/2020-heute\/","title":{"rendered":"2020-Heute"},"content":{"rendered":"<p>[vc_row iron_row_type=&#8220;in_container&#8220; iron_remove_padding_medium=&#8220;&#8220; iron_remove_padding_small=&#8220;&#8220; iron_overlay_pattern=&#8220;&#8220; iron_parallax=&#8220;&#8220; iron_bg_video=&#8220;&#8220;][vc_column][vc_column_text]Die Jahre 2020 und 2021 stellten die Werkskapelle B\u00f6hler \u2013 wie viele Vereine \u2013 vor eine au\u00dfergew\u00f6hnliche Herausforderung. Die Corona-Pandemie brachte das gewohnte Vereinsleben nahezu zum Stillstand: Proben, Konzerte und Sch\u00fctzenfeste konnten \u00fcber lange Zeit nicht stattfinden.<\/p>\n<p>Umso bemerkenswerter war der Zusammenhalt innerhalb der Kapelle. Proben wurden in digitale Formate verlagert, musikalische Projekte neu gedacht und der Kontakt untereinander bewusst aufrechterhalten. Auch in dieser Phase blieb die Kapelle pr\u00e4sent \u2013 wenn auch unter v\u00f6llig ver\u00e4nderten Bedingungen.<\/p>\n<p>Mit dem schrittweisen Ende der Einschr\u00e4nkungen kehrte das musikalische Leben zur\u00fcck \u2013 und mit ihm eine neue Dynamik. Auftritte im Brauchtum, Konzerte und gemeinsame Aktivit\u00e4ten konnten wieder stattfinden und kn\u00fcpften an die gewachsene Tradition an.<\/p>\n<p>Gleichzeitig wurden bestehende Konzepte weiterentwickelt. Das Projektorchester etablierte sich endg\u00fcltig als fester Bestandteil der Kapellenarbeit und erm\u00f6glicht bis heute Musikerinnen und Musikern einen flexiblen Einstieg in das sinfonische Blasorchester. Die Kombination aus kontinuierlicher Vereinsarbeit und projektbezogener \u00d6ffnung erwies sich dabei als zukunftsf\u00e4higes Modell.<\/p>\n<p>Auch die Konzertformate wurden weiter gesch\u00e4rft. Mit aufwendig gestalteten Programmen, thematischen Abenden und Formaten wie dem \u201eEvening Of The Stars\u201c entwickelte sich das Konzert im Alten Kesselhaus auf dem Areal B\u00f6hler zu einem zentralen H\u00f6hepunkt im Jahreskalender.<\/p>\n<p>Das 90-j\u00e4hrige Jubil\u00e4um im Jahr 2023 markierte schlie\u00dflich einen besonderen Moment: Es war nicht nur Anlass, auf die lange Geschichte der Kapelle zur\u00fcckzublicken, sondern vor allem ein bewusst gesetzter Ausgangspunkt f\u00fcr die kommenden Jahre.<\/p>\n<p>Heute pr\u00e4sentiert sich die Werkskapelle B\u00f6hler als lebendiges, aktives Orchester mit einer starken Gemeinschaft und einer historisch gro\u00dfen Besetzung. Regelm\u00e4\u00dfige Proben, zahlreiche Auftritte im regionalen Brauchtum und gro\u00dfe Konzertprojekte pr\u00e4gen das Vereinsleben.<\/p>\n<p>Gleichzeitig befindet sich auch das Umfeld im Wandel. Das Areal B\u00f6hler entwickelt sich stetig weiter \u2013 und die Werkskapelle bleibt dabei ein fester Bestandteil dieses besonderen Ortes. Als musikalische Konstante begleitet sie diese Entwicklung und gestaltet sie mit.<\/p>\n<p>Mit einem klaren Blick nach vorne setzt die Kapelle auf musikalische Qualit\u00e4t, Nachwuchsf\u00f6rderung, moderne Vereinsstrukturen und eine zeitgem\u00e4\u00dfe \u00d6ffentlichkeitsarbeit.<\/p>\n<p>So verbindet die Werkskapelle B\u00f6hler heute mehr denn je Tradition und Zukunft \u2013 als Orchester, als Gemeinschaft und als fester Bestandteil des kulturellen Lebens in der Region.[\/vc_column_text][\/vc_column][\/vc_row]<\/p>\n","protected":false},"excerpt":{"rendered":"<p>[vc_row iron_row_type=&#8220;in_container&#8220; iron_remove_padding_medium=&#8220;&#8220; iron_remove_padding_small=&#8220;&#8220; iron_overlay_pattern=&#8220;&#8220; iron_parallax=&#8220;&#8220; iron_bg_video=&#8220;&#8220;][vc_column][vc_column_text]Die Jahre 2020 und 2021 stellten die Werkskapelle B\u00f6hler \u2013 wie viele Vereine \u2013 [&hellip;]<\/p>\n","protected":false},"author":10,"featured_media":0,"parent":0,"menu_order":0,"comment_status":"closed","ping_status":"closed","template":"","meta":{"om_disable_all_campaigns":false,"_monsterinsights_skip_tracking":false,"_monsterinsights_sitenote_active":false,"_monsterinsights_sitenote_note":"","_monsterinsights_sitenote_category":0},"aioseo_notices":[],"_links":{"self":[{"href":"https:\/\/www.werkskapelle.de\/index.php\/wp-json\/wp\/v2\/pages\/3494"}],"collection":[{"href":"https:\/\/www.werkskapelle.de\/index.php\/wp-json\/wp\/v2\/pages"}],"about":[{"href":"https:\/\/www.werkskapelle.de\/index.php\/wp-json\/wp\/v2\/types\/page"}],"author":[{"embeddable":true,"href":"https:\/\/www.werkskapelle.de\/index.php\/wp-json\/wp\/v2\/users\/10"}],"replies":[{"embeddable":true,"href":"https:\/\/www.werkskapelle.de\/index.php\/wp-json\/wp\/v2\/comments?post=3494"}],"version-history":[{"count":3,"href":"https:\/\/www.werkskapelle.de\/index.php\/wp-json\/wp\/v2\/pages\/3494\/revisions"}],"predecessor-version":[{"id":3507,"href":"https:\/\/www.werkskapelle.de\/index.php\/wp-json\/wp\/v2\/pages\/3494\/revisions\/3507"}],"wp:attachment":[{"href":"https:\/\/www.werkskapelle.de\/index.php\/wp-json\/wp\/v2\/media?parent=3494"}],"curies":[{"name":"wp","href":"https:\/\/api.w.org\/{rel}","templated":true}]}}