{"id":3491,"date":"2026-03-25T19:27:46","date_gmt":"2026-03-25T18:27:46","guid":{"rendered":"https:\/\/www.werkskapelle.de\/?page_id=3491"},"modified":"2026-03-25T19:33:17","modified_gmt":"2026-03-25T18:33:17","slug":"2000-2020","status":"publish","type":"page","link":"https:\/\/www.werkskapelle.de\/index.php\/2000-2020\/","title":{"rendered":"2000-2020"},"content":{"rendered":"<p>[vc_row iron_row_type=&#8220;in_container&#8220; iron_remove_padding_medium=&#8220;&#8220; iron_remove_padding_small=&#8220;&#8220; iron_overlay_pattern=&#8220;&#8220; iron_parallax=&#8220;&#8220; iron_bg_video=&#8220;&#8220;][vc_column][vc_column_text]Die B\u00f6hler Werkskapelle war wie bereits eingangs erw\u00e4hnt immer auch Zeitzeuge bei geschichtstr\u00e4chtigen Ereignissen in der Region. Die Er\u00f6ffnung des D\u00fcsseldorfer Rheinufertunnels 1995, die Einweihung der neuen A44 Br\u00fccke zwischen Meerbusch und der Landeshauptstadt im Jahr 2002 und die abgeschlossene Renovierung des Meerbuscher Rathauses in B\u00fcderich im gleichen Jahr wurden von Musik und Marschiershows der Werkskapelle umrahmt.<\/p>\n<p>Kurz vor dem Millennium gr\u00fcndete das Sinfonische Orchester B\u00f6hler eine neue Tradition. Neben dem mittlerweile traditionellen Fr\u00fchschoppenkonzert im B\u00fcrgersaal fand am 20. November 1999 zum ersten Mal ein Herbstkonzert im Forum Wasserturm in Meerbusch Lank statt. Seit jeher sind diese Konzert ein immer wiederkehrendes musikalisches Highlight im Meerbuscher Konzertkalender. Wechselnde Themen, moderne Titel, ausgesuchte Solistinnen und Solisten und ein buntes Rahmenprogramm sorgen beim Publikum stets f\u00fcr gro\u00dfe Beliebtheit. Im j\u00e4hrlichen Rhythmus erwartete die Zuschauer nun jeweils ein Programm mit gro\u00dfen klassischen Kompositionen und ein heute sogenannter \u201eEvening Of The Stars\u201c mit Gesangseinlagen, Popularmusik und Showprogramm.<\/p>\n<p>Da seit den 2000er Jahren neben den klassischen Konzertauftritten immer mehr Sch\u00fctzenfeste auf dem Programm standen, k\u00fcndigten sich auch personelle und hierarchische \u00c4nderungen im Kapellengef\u00fcge an. Nach milit\u00e4rischem Vorbild wurde das Amt des Spie\u00dfes in den Reihen der B\u00f6hleraner eingef\u00fchrt. Auch wenn dieser, anfangs noch ironisch \u00c4sthetikwart genannt, zu Beginn f\u00fcr kontroverse Diskussionen auf den Versammlungen sorgte, garantiert der Spie\u00df heute ein meist tadelloses Auftreten der vielen Musikerinnen und Musiker auf der Stra\u00dfe. Mit dem st\u00e4rkeren Fokus auf die \u201eMusik in der Bewegung\u201c und neu einge\u00fcbten Marschiershows stellte sich die Werkskapelle auch dem internationalen Vergleich. Auf den \u201eDays of music\u201c im nieders\u00e4chsischen Rastede traten die B\u00f6hleraner erstmals zu einem Marschierwettbewerb an. Auch hier ist die R\u00fcckkehr zum Wettbewerb in den kommenden Jahren geplant.<\/p>\n<p>Im Jahr 2017 erwartete die Kapelle ein optisches Update. Nach einigen Jahren und vielen Neuzug\u00e4ngen war es wieder an der Zeit f\u00fcr neue Uniformen. Der Schriftzug \u201eWerkskapelle B\u00f6hler\u201c prangt seit dem gut sichtbar auf der M\u00fctze der Musiker, das stahlblau dominiert die Farbe des Uniformrockes und die roten Krawatten sowie rot abgesetzte Revers sorgen f\u00fcr einen farblichen Wiedererkennungswert auf den Umz\u00fcgen der Region. P\u00fcnktlich f\u00fcr einen besonderen Auftritt, waren die Musikerinnen und Musiker also frisch eingekleidet. Die weltbekannte \u201eTour de France\u201c machte 2017 auch in Meerbusch-B\u00fcderich Station. Nach dem \u201eGrand D\u00e9part\u201c in der Landeshauptstadt erwarteten die Meerbuscher die Rennradler auf der Meerbuscher Dorfstra\u00dfe. Die Werkskapelle B\u00f6hler hatte die gro\u00dfe Ehre vor den Fernsehkameras und einer Vielzahl von begeisterten Zuschauern mit einer Marschiershow das Sportevent musikalisch einzuleiten.<\/p>\n<p>Im Jahr 2018 \u00f6ffnete sich die Werkskapelle B\u00f6hler in seiner sinfonischen Formation als Projektorchester. Die Idee dahinter war es, motivierte Musikerinnen und Musiker aus allen Registern, die vereinslos sind, f\u00fcr eine Konzertsaison am Orchesteralltag teilhaben zu lassen. Ohne sofortige Verpflichtungen und Vertr\u00e4ge konnten so neu Zugezogene, Vereinswechsler oder \u201eHobby-Wiederentdecker\u201c bei entsprechender Eignung ohne gro\u00dfe H\u00fcrde im Orchester mitspielen und das Konzert mitgestalten. F\u00fcr die Mitgliedersuche war dieses Konzept eine wegweisende Entscheidung. Nicht selten folgte auf eine einmalige Teilnahme als Projektmusiker die erneute Anmeldung oder der Eintritt als festes Mitglied in den Verein. Bis heute hat die Idee des Projektorchesters Bestand und wird j\u00e4hrlich zahlreich genutzt.<\/p>\n<p>Im Rhythmus der Herbstkonzerte stellte der \u201eEvening Of The Stars\u201c im Jahr 2018 ein besonderes Highlight dar. Nach externen Veranstaltungsorten im Forum Wasserturm in Lank-Latum und dem Haus der \u00c4rzteschaft in D\u00fcsseldorf-Golzheim, war das Sinfonische Blasorchester B\u00f6hler mit dem Herbstkonzert schon seit einigen Jahren wieder nach Hause ins Werk gekommen und durfte die G\u00e4ste im geschichtstr\u00e4chtigen Kesselhaus begr\u00fc\u00dfen. Vor der beeindruckenden Kulisse des Kesselhauses hatte sich das Organisationsteam f\u00fcr das Konzert etwas ganz besonderes \u00fcberlegt. Im Stile einer glamour\u00f6sen Oscar-Verleihung wurde der Preis \u201eDas st\u00e4hlerne B\u201c ins Leben gerufen, die musikalischen Titel wurden von Einspieler, Live-Schalten und einer umfassenden Moderation gerahmt. So mimten Orchestermitglieder Filmlegenden, Regisseure und Schauspielerinnen und sorgten f\u00fcr ein Konzerterlebnis mit Show-Effekt.[\/vc_column_text][\/vc_column][\/vc_row]<\/p>\n","protected":false},"excerpt":{"rendered":"<p>[vc_row iron_row_type=&#8220;in_container&#8220; iron_remove_padding_medium=&#8220;&#8220; iron_remove_padding_small=&#8220;&#8220; iron_overlay_pattern=&#8220;&#8220; iron_parallax=&#8220;&#8220; iron_bg_video=&#8220;&#8220;][vc_column][vc_column_text]Die B\u00f6hler Werkskapelle war wie bereits eingangs erw\u00e4hnt immer auch Zeitzeuge bei geschichtstr\u00e4chtigen Ereignissen [&hellip;]<\/p>\n","protected":false},"author":10,"featured_media":0,"parent":0,"menu_order":0,"comment_status":"closed","ping_status":"closed","template":"","meta":{"om_disable_all_campaigns":false,"_monsterinsights_skip_tracking":false,"_monsterinsights_sitenote_active":false,"_monsterinsights_sitenote_note":"","_monsterinsights_sitenote_category":0},"aioseo_notices":[],"_links":{"self":[{"href":"https:\/\/www.werkskapelle.de\/index.php\/wp-json\/wp\/v2\/pages\/3491"}],"collection":[{"href":"https:\/\/www.werkskapelle.de\/index.php\/wp-json\/wp\/v2\/pages"}],"about":[{"href":"https:\/\/www.werkskapelle.de\/index.php\/wp-json\/wp\/v2\/types\/page"}],"author":[{"embeddable":true,"href":"https:\/\/www.werkskapelle.de\/index.php\/wp-json\/wp\/v2\/users\/10"}],"replies":[{"embeddable":true,"href":"https:\/\/www.werkskapelle.de\/index.php\/wp-json\/wp\/v2\/comments?post=3491"}],"version-history":[{"count":3,"href":"https:\/\/www.werkskapelle.de\/index.php\/wp-json\/wp\/v2\/pages\/3491\/revisions"}],"predecessor-version":[{"id":3506,"href":"https:\/\/www.werkskapelle.de\/index.php\/wp-json\/wp\/v2\/pages\/3491\/revisions\/3506"}],"wp:attachment":[{"href":"https:\/\/www.werkskapelle.de\/index.php\/wp-json\/wp\/v2\/media?parent=3491"}],"curies":[{"name":"wp","href":"https:\/\/api.w.org\/{rel}","templated":true}]}}