{"id":1920,"date":"2016-01-04T23:40:25","date_gmt":"2016-01-04T22:40:25","guid":{"rendered":"http:\/\/wptest.werkskapelle.de\/?page_id=1920"},"modified":"2023-09-30T16:43:02","modified_gmt":"2023-09-30T14:43:02","slug":"1993-1998","status":"publish","type":"page","link":"https:\/\/www.werkskapelle.de\/index.php\/chronik\/1993-1998\/","title":{"rendered":"1980-2000"},"content":{"rendered":"<p>[vc_row iron_row_type=&#8220;in_container&#8220; iron_remove_padding_medium=&#8220;&#8220; iron_remove_padding_small=&#8220;&#8220; iron_overlay_pattern=&#8220;&#8220; iron_parallax=&#8220;&#8220; iron_bg_video=&#8220;&#8220;][vc_column][vc_column_text css=&#8220;.vc_custom_1692353150440{padding-right: 10px !important;padding-left: 10px !important;}&#8220;]<\/p>\n<p style=\"margin-bottom: 0cm; text-align: justify; line-height: 115%;\"><span style=\"font-size: 11.0pt; line-height: 115%; font-family: 'Arial',sans-serif; color: black;\">Das 50-j\u00e4hrige Bestehen wurde \u00fcber drei Tage im Oktober 1983 gefeiert. Drei Platzkonzerte an verschiedenen Orten in B\u00fcderich an einem Tag, ein geselliger Tanzabend und ein umjubeltes Fr\u00fchschoppenkonzert rundeten das Jubil\u00e4um ab. Besonders zu erw\u00e4hnen ist hier die aktive musikalische Teilnahme des Tambourcorps \u201eRheintreue\u201c und des Fanfarencorps B\u00fcderich 1968 an diesem Abschlusskonzert. Wahrscheinlich erlebte das Publikum hier die Grundsteinlegung f\u00fcr den noch heute erfolgreich bestehenden \u201eB\u00fcdericher Musikblock\u201c.<\/span><\/p>\n<p style=\"text-align: justify; line-height: 115%;\"><span style=\"font-size: 11.0pt; line-height: 115%; font-family: 'Arial',sans-serif; color: black;\">Mit einem Jubil\u00e4umskonzert feierte die Kapelle im Jahr 1993 das 60-j\u00e4hrige Bestehen. Kurze Zeit sp\u00e4ter stand nach 25 Jahren ein Wechsel am Taktstock der Kapelle an. W\u00e4hrend des Fr\u00fchschoppenkonzertes im Fr\u00fchjahr 1995 gab der Kammermusiker Heinz Schaper den Taktstock an den damals 32-j\u00e4hrigen Peter Koch. R\u00fcckblickend ist es durchaus bemerkenswert, dass die B\u00f6hleraner eine gewisse Konstanz bei ihren beweisen. Nach nunmehr 90 Jahren wechselte das Dirigat der Werkskapelle nur vier Mal. <\/span><\/p>\n<p style=\"text-align: justify; line-height: 115%;\"><span style=\"font-size: 11.0pt; line-height: 115%; font-family: 'Arial',sans-serif; color: black;\">Mit Peter Koch \u00fcbernahm ein ebenso versierter und professionell ausgebildeter Musiker die Kapelle, wie sein Vorg\u00e4nger. Neben seinem staatlichen Musikstudium und der der klassisch k\u00fcnstlerischen Karriere arbeitete Peter Koch zu diesem Zeitpunkt seit bereits knapp 10 Jahren an der Musikschule der Stadt Meerbusch. \u00dcber die Jahre sollte Peter Koch hierbei eine Vielzahl von Ensembles und Nachwuchsorchestern gr\u00fcnden und pr\u00e4gen. Auch der Werkskapelle kam dieser Vorteil zu Gute. Nach der Laufbahn in den Orchestern der Musikschule fanden viele talentierte Musikerinnen und Musiker den Weg in die Werkskapelle. Hier f\u00fcgten sich erfahrene Musiker und die jugendlichen Neuzug\u00e4nge unter der Leitung von Peter Koch zu einer modernen Kapelle zusammen, die sich gl\u00fccklich sch\u00e4tzen kann, auf diese nachwuchsf\u00f6rdernde Verbindung ihres Kapellmeisters seit Jahrzehnten bauen zu k\u00f6nnen.<\/span><\/p>\n<p>[\/vc_column_text][\/vc_column][\/vc_row]<\/p>\n","protected":false},"excerpt":{"rendered":"<p>[vc_row iron_row_type=&#8220;in_container&#8220; iron_remove_padding_medium=&#8220;&#8220; iron_remove_padding_small=&#8220;&#8220; iron_overlay_pattern=&#8220;&#8220; iron_parallax=&#8220;&#8220; iron_bg_video=&#8220;&#8220;][vc_column][vc_column_text css=&#8220;.vc_custom_1692353150440{padding-right: 10px !important;padding-left: 10px !important;}&#8220;] Das 50-j\u00e4hrige Bestehen wurde \u00fcber drei Tage im [&hellip;]<\/p>\n","protected":false},"author":5,"featured_media":0,"parent":1908,"menu_order":6,"comment_status":"closed","ping_status":"closed","template":"","meta":{"om_disable_all_campaigns":false,"_monsterinsights_skip_tracking":false,"_monsterinsights_sitenote_active":false,"_monsterinsights_sitenote_note":"","_monsterinsights_sitenote_category":0},"aioseo_notices":[],"_links":{"self":[{"href":"https:\/\/www.werkskapelle.de\/index.php\/wp-json\/wp\/v2\/pages\/1920"}],"collection":[{"href":"https:\/\/www.werkskapelle.de\/index.php\/wp-json\/wp\/v2\/pages"}],"about":[{"href":"https:\/\/www.werkskapelle.de\/index.php\/wp-json\/wp\/v2\/types\/page"}],"author":[{"embeddable":true,"href":"https:\/\/www.werkskapelle.de\/index.php\/wp-json\/wp\/v2\/users\/5"}],"replies":[{"embeddable":true,"href":"https:\/\/www.werkskapelle.de\/index.php\/wp-json\/wp\/v2\/comments?post=1920"}],"version-history":[{"count":6,"href":"https:\/\/www.werkskapelle.de\/index.php\/wp-json\/wp\/v2\/pages\/1920\/revisions"}],"predecessor-version":[{"id":3239,"href":"https:\/\/www.werkskapelle.de\/index.php\/wp-json\/wp\/v2\/pages\/1920\/revisions\/3239"}],"up":[{"embeddable":true,"href":"https:\/\/www.werkskapelle.de\/index.php\/wp-json\/wp\/v2\/pages\/1908"}],"wp:attachment":[{"href":"https:\/\/www.werkskapelle.de\/index.php\/wp-json\/wp\/v2\/media?parent=1920"}],"curies":[{"name":"wp","href":"https:\/\/api.w.org\/{rel}","templated":true}]}}