{"id":1910,"date":"2016-01-04T23:35:57","date_gmt":"2016-01-04T22:35:57","guid":{"rendered":"http:\/\/wptest.werkskapelle.de\/?page_id=1910"},"modified":"2026-03-25T11:50:37","modified_gmt":"2026-03-25T10:50:37","slug":"1933-1938","status":"publish","type":"page","link":"https:\/\/www.werkskapelle.de\/index.php\/chronik\/1933-1938\/","title":{"rendered":"Die Gr\u00fcndungsjahre"},"content":{"rendered":"<p>[vc_row iron_row_type=&#8220;in_container&#8220; iron_remove_padding_medium=&#8220;&#8220; iron_remove_padding_small=&#8220;&#8220; iron_overlay_pattern=&#8220;&#8220; iron_parallax=&#8220;&#8220; iron_bg_video=&#8220;&#8220;][vc_column][vc_column_text css=&#8220;.vc_custom_1774435830154{padding-right: 10px !important;padding-left: 10px !important;}&#8220;]Im M\u00e4rz 1933 war es ein sehr pragmatischer Anlass, der heute als Grundsteinlegung der Werkskapelle B\u00f6hler D\u00fcsseldorf gilt. Zum 25-j\u00e4hrigen Dienstjubil\u00e4ums des Werksobermeisters Pohlig trafen sich acht seiner Arbeitskollegen, um die Feierlichkeiten musikalisch zu untermalen. Die Leitung dieser kleinen Musikergruppe \u00fcbernahm damals Josef Jordans, der bereits zu diesem Zeitpunkt in einer B\u00fcdericher Tanzkapelle als Trompeter und Klarinettist Musik machte. Die Werkskapelle der B\u00f6hler Werke war geboren.<\/p>\n<p>Schon bald nach der Gr\u00fcndung zeigten immer mehr der Werksarbeiter reges Interesse und ebenso gro\u00dfe Begeisterung an der Musik, so dass die Kapelle schnell heranwuchs. 1934 \u00fcbernahm Hans Wincek die F\u00fchrung der Werkskapelle. Er sollte das Amt bis zum Jahre 1964 innehaben.<\/p>\n<p>Innerhalb von nur f\u00fcnf Jahren hatte sich auch das Orchester zahlenm\u00e4\u00dfig verf\u00fcnffacht und man schaute 1935 stolz auf eine 40 Musiker starke Kapelle. In dieser Besetzung besuchte die Werkskapelle noch im gleichen Jahr die B\u00f6hler Hauptverwaltung in Wien und das Werk Kapfenberg in der Steiermark in \u00d6sterreich. W\u00e4hrend dieses zehn Tage dauernden Aufenthaltes besuchte man au\u00dferdem noch die B\u00f6hler-Ybbstalwerke in Waidhofen an der Ybbs. Schon fr\u00fch waren also die freundschaftlichen Verbindungen zu den anderen B\u00f6hler-Schwesterkapellen der Standorte gekn\u00fcpft. Ein musikalisches Band, das bis heute Bestand hat.[\/vc_column_text][\/vc_column][\/vc_row]<\/p>\n","protected":false},"excerpt":{"rendered":"<p>[vc_row iron_row_type=&#8220;in_container&#8220; iron_remove_padding_medium=&#8220;&#8220; iron_remove_padding_small=&#8220;&#8220; iron_overlay_pattern=&#8220;&#8220; iron_parallax=&#8220;&#8220; iron_bg_video=&#8220;&#8220;][vc_column][vc_column_text css=&#8220;.vc_custom_1774435830154{padding-right: 10px !important;padding-left: 10px !important;}&#8220;]Im M\u00e4rz 1933 war es ein sehr pragmatischer Anlass, [&hellip;]<\/p>\n","protected":false},"author":5,"featured_media":0,"parent":1908,"menu_order":1,"comment_status":"closed","ping_status":"closed","template":"","meta":{"om_disable_all_campaigns":false,"_monsterinsights_skip_tracking":false,"_monsterinsights_sitenote_active":false,"_monsterinsights_sitenote_note":"","_monsterinsights_sitenote_category":0},"aioseo_notices":[],"_links":{"self":[{"href":"https:\/\/www.werkskapelle.de\/index.php\/wp-json\/wp\/v2\/pages\/1910"}],"collection":[{"href":"https:\/\/www.werkskapelle.de\/index.php\/wp-json\/wp\/v2\/pages"}],"about":[{"href":"https:\/\/www.werkskapelle.de\/index.php\/wp-json\/wp\/v2\/types\/page"}],"author":[{"embeddable":true,"href":"https:\/\/www.werkskapelle.de\/index.php\/wp-json\/wp\/v2\/users\/5"}],"replies":[{"embeddable":true,"href":"https:\/\/www.werkskapelle.de\/index.php\/wp-json\/wp\/v2\/comments?post=1910"}],"version-history":[{"count":4,"href":"https:\/\/www.werkskapelle.de\/index.php\/wp-json\/wp\/v2\/pages\/1910\/revisions"}],"predecessor-version":[{"id":3458,"href":"https:\/\/www.werkskapelle.de\/index.php\/wp-json\/wp\/v2\/pages\/1910\/revisions\/3458"}],"up":[{"embeddable":true,"href":"https:\/\/www.werkskapelle.de\/index.php\/wp-json\/wp\/v2\/pages\/1908"}],"wp:attachment":[{"href":"https:\/\/www.werkskapelle.de\/index.php\/wp-json\/wp\/v2\/media?parent=1910"}],"curies":[{"name":"wp","href":"https:\/\/api.w.org\/{rel}","templated":true}]}}