{"id":1886,"date":"2016-01-04T23:16:44","date_gmt":"2016-01-04T22:16:44","guid":{"rendered":"http:\/\/wptest.werkskapelle.de\/?page_id=1886"},"modified":"2023-09-30T16:46:44","modified_gmt":"2023-09-30T14:46:44","slug":"heinz-scharper","status":"publish","type":"page","link":"https:\/\/www.werkskapelle.de\/index.php\/dirigenten\/heinz-scharper\/","title":{"rendered":"Heinz Scharper"},"content":{"rendered":"<p>[vc_row iron_row_type=&#8220;in_container&#8220; iron_remove_padding_medium=&#8220;&#8220; iron_remove_padding_small=&#8220;&#8220; iron_overlay_pattern=&#8220;&#8220; iron_parallax=&#8220;&#8220; iron_bg_video=&#8220;&#8220;][vc_column width=&#8220;1\/2&#8243;][vc_column_text]<\/p>\n<h2>1970-1995<\/h2>\n<p>[\/vc_column_text][vc_column_text]<\/p>\n<p>Heinz Scharper, am 24. April 1913 in Bad Nenndorf geboren, war bereits von Kindertagen an ein begeisterter Trompeter. Nach der Schule konnte er sein Talent zum Beruf machen und studierte Trompete und Geige. Er war vor dem Krieg Solist im nieders\u00e4chsischen Landesorchester, Solo-Trompeter am Theater in Meining in Th\u00fcringen und am Theater in Wuppertal. Die Kriegsjahre verbrachte er beim Musikkorps der Wehrmacht, wurde nach Norwegen und in das damalige Jugoslawien verlegt, wo er in Gefangenschaft geriet.<\/p>\n<p>Ab 1949 spielte er im G\u00f6ttinger Symphonieorchester. Im Jahre 1950 verpflichtete ihn das Opernhaus Duisburg, ab 1956 die \u201eDeutsche Oper am Rhein\u201c als 1. Trompeter. Bis zu seiner Pensionierung 1977 blieb er in Duisburg. Ab dem Jahre 1950 war Heinz Scharper des \u00f6fteren als Gasttrompeter in anderen Orchestern und auch beim WDR t\u00e4tig. Au\u00dferdem war er Lehrer bei der Niederrheinischen Musikschule und Dozent an der Hochschule f\u00fcr Musik in Duisburg. Die Werkskapelle B\u00f6hler leitete er von 1970 bis 1995.<\/p>\n<p>Heinz Scharpers \u00dcberzeugung und Idee ist es zu verdanken, dass die Werkskapelle B\u00f6hler der Nachwuchsarbeit und der Rekrutierung junger Talente einen hohen Stellenwert zugemessen hat. Dieses Credo gab Scharper auch an seinen Nachfolger weiter.<\/p>\n<p>Heinz Scharper verstarb 1997.<\/p>\n<p>[\/vc_column_text][\/vc_column][vc_column width=&#8220;1\/2&#8243;][vc_single_image image=&#8220;2071&#8243; img_size=&#8220;full&#8220;][\/vc_column][\/vc_row]<\/p>\n","protected":false},"excerpt":{"rendered":"<p>[vc_row iron_row_type=&#8220;in_container&#8220; iron_remove_padding_medium=&#8220;&#8220; iron_remove_padding_small=&#8220;&#8220; iron_overlay_pattern=&#8220;&#8220; iron_parallax=&#8220;&#8220; iron_bg_video=&#8220;&#8220;][vc_column width=&#8220;1\/2&#8243;][vc_column_text] 1970-1995 [\/vc_column_text][vc_column_text] Heinz Scharper, am 24. April 1913 in Bad Nenndorf geboren, [&hellip;]<\/p>\n","protected":false},"author":5,"featured_media":0,"parent":1900,"menu_order":0,"comment_status":"closed","ping_status":"closed","template":"","meta":{"om_disable_all_campaigns":false,"_monsterinsights_skip_tracking":false,"_monsterinsights_sitenote_active":false,"_monsterinsights_sitenote_note":"","_monsterinsights_sitenote_category":0},"aioseo_notices":[],"_links":{"self":[{"href":"https:\/\/www.werkskapelle.de\/index.php\/wp-json\/wp\/v2\/pages\/1886"}],"collection":[{"href":"https:\/\/www.werkskapelle.de\/index.php\/wp-json\/wp\/v2\/pages"}],"about":[{"href":"https:\/\/www.werkskapelle.de\/index.php\/wp-json\/wp\/v2\/types\/page"}],"author":[{"embeddable":true,"href":"https:\/\/www.werkskapelle.de\/index.php\/wp-json\/wp\/v2\/users\/5"}],"replies":[{"embeddable":true,"href":"https:\/\/www.werkskapelle.de\/index.php\/wp-json\/wp\/v2\/comments?post=1886"}],"version-history":[{"count":7,"href":"https:\/\/www.werkskapelle.de\/index.php\/wp-json\/wp\/v2\/pages\/1886\/revisions"}],"predecessor-version":[{"id":3242,"href":"https:\/\/www.werkskapelle.de\/index.php\/wp-json\/wp\/v2\/pages\/1886\/revisions\/3242"}],"up":[{"embeddable":true,"href":"https:\/\/www.werkskapelle.de\/index.php\/wp-json\/wp\/v2\/pages\/1900"}],"wp:attachment":[{"href":"https:\/\/www.werkskapelle.de\/index.php\/wp-json\/wp\/v2\/media?parent=1886"}],"curies":[{"name":"wp","href":"https:\/\/api.w.org\/{rel}","templated":true}]}}