{"id":1760,"date":"2016-01-04T02:27:42","date_gmt":"2016-01-04T01:27:42","guid":{"rendered":"http:\/\/wptest.werkskapelle.de\/?page_id=1760"},"modified":"2026-03-25T19:50:18","modified_gmt":"2026-03-25T18:50:18","slug":"mitspielen","status":"publish","type":"page","link":"https:\/\/www.werkskapelle.de\/index.php\/mitspielen\/","title":{"rendered":"Mitspielen"},"content":{"rendered":"<p>[vc_row iron_row_type=&#8220;in_container&#8220; iron_remove_padding_medium=&#8220;&#8220; iron_remove_padding_small=&#8220;&#8220; iron_overlay_pattern=&#8220;&#8220; iron_parallax=&#8220;&#8220; iron_bg_video=&#8220;&#8220;][vc_column width=&#8220;1\/2&#8243;][vc_column_text css=&#8220;.vc_custom_1774464614315{margin-right: 20px !important;margin-left: 20px !important;}&#8220;]<\/p>\n<h1><strong>Musik bei B\u00f6hler \u2013 das ganze Jahr.<\/strong><\/h1>\n<h3 style=\"text-align: center;\"><strong>Ob auf der Stra\u00dfe bei den Sch\u00fctzenfesten der Region oder auf der B\u00fchne als sinfonisches Blasorchester: Wir sind das ganze Jahr \u00fcber musikalisch aktiv \u2013 mit Proben, Auftritten und gro\u00dfen Konzerten.<\/strong><\/h3>\n<p>&nbsp;<\/p>\n<p><strong>Bei uns trifft Tradition auf Anspruch:<\/strong><\/p>\n<p>Brauchtumspflege geh\u00f6rt genauso dazu wie moderne, kreative Konzertprogramme.<\/p>\n<p><strong>Du willst mitmachen? Perfekt.<\/strong><\/p>\n<p>Egal ob erfahren oder ambitioniert \u2013 wir freuen uns \u00fcber neue Musikerinnen und Musiker, frische Ideen und Menschen, die Lust auf Gemeinschaft haben.<\/p>\n<p><strong>Proben<\/strong>: Mittwoch, 20\u201322 Uhr<\/p>\n<p><strong>Ort<\/strong>: <a href=\"https:\/\/maps.app.goo.gl\/94BJmgbu9eCv4iJ9A\">Halle 27, Areal B\u00f6hler (D\u00fcsseldorf)<\/a><\/p>\n<p><strong>Projektorchester 2026 <\/strong><\/p>\n<p>Du willst auf ein gro\u00dfes Konzert hinarbeiten?<\/p>\n<p>Wir \u00f6ffnen uns auch f\u00fcr Projektmusiker \u2013 mit intensiver Probenarbeit und einem klaren Ziel auf der B\u00fchne. Ein Jahr mit dabei sein und B\u00f6hler hautnah erleben.<\/p>\n<p>Interesse? Dann melde dich bei uns.<br \/>\nPer <a href=\"mailto:vorstand@werkskapelle.de\">Mail<\/a> oder \u00fcber unsere <a href=\"https:\/\/www.instagram.com\/werkskapelleboehler\">Social-Media-Kan\u00e4le<\/a>.[\/vc_column_text][\/vc_column][vc_column width=&#8220;1\/2&#8243;][vc_single_image image=&#8220;3358&#8243; img_size=&#8220;large&#8220; css=&#8220;.vc_custom_1774464393970{margin-bottom: 20px !important;border-bottom-width: 20px !important;}&#8220;][\/vc_column][\/vc_row]<\/p>\n","protected":false},"excerpt":{"rendered":"<p>[vc_row iron_row_type=&#8220;in_container&#8220; iron_remove_padding_medium=&#8220;&#8220; iron_remove_padding_small=&#8220;&#8220; iron_overlay_pattern=&#8220;&#8220; iron_parallax=&#8220;&#8220; iron_bg_video=&#8220;&#8220;][vc_column width=&#8220;1\/2&#8243;][vc_column_text css=&#8220;.vc_custom_1774464614315{margin-right: 20px !important;margin-left: 20px !important;}&#8220;] Musik bei B\u00f6hler \u2013 das ganze Jahr. [&hellip;]<\/p>\n","protected":false},"author":5,"featured_media":0,"parent":0,"menu_order":11,"comment_status":"closed","ping_status":"closed","template":"","meta":{"om_disable_all_campaigns":false,"_monsterinsights_skip_tracking":false,"_monsterinsights_sitenote_active":false,"_monsterinsights_sitenote_note":"","_monsterinsights_sitenote_category":0},"aioseo_notices":[],"_links":{"self":[{"href":"https:\/\/www.werkskapelle.de\/index.php\/wp-json\/wp\/v2\/pages\/1760"}],"collection":[{"href":"https:\/\/www.werkskapelle.de\/index.php\/wp-json\/wp\/v2\/pages"}],"about":[{"href":"https:\/\/www.werkskapelle.de\/index.php\/wp-json\/wp\/v2\/types\/page"}],"author":[{"embeddable":true,"href":"https:\/\/www.werkskapelle.de\/index.php\/wp-json\/wp\/v2\/users\/5"}],"replies":[{"embeddable":true,"href":"https:\/\/www.werkskapelle.de\/index.php\/wp-json\/wp\/v2\/comments?post=1760"}],"version-history":[{"count":54,"href":"https:\/\/www.werkskapelle.de\/index.php\/wp-json\/wp\/v2\/pages\/1760\/revisions"}],"predecessor-version":[{"id":3518,"href":"https:\/\/www.werkskapelle.de\/index.php\/wp-json\/wp\/v2\/pages\/1760\/revisions\/3518"}],"wp:attachment":[{"href":"https:\/\/www.werkskapelle.de\/index.php\/wp-json\/wp\/v2\/media?parent=1760"}],"curies":[{"name":"wp","href":"https:\/\/api.w.org\/{rel}","templated":true}]}}